{"id":10,"date":"2026-05-10T16:25:55","date_gmt":"2026-05-10T16:25:55","guid":{"rendered":"https:\/\/luatquocthu.com\/index.php\/about-us\/"},"modified":"2026-05-11T00:08:06","modified_gmt":"2026-05-10T17:08:06","slug":"gioi-thieu","status":"publish","type":"page","link":"https:\/\/luatquocthu.com\/index.php\/gioi-thieu\/","title":{"rendered":"Gi\u1edbi thi\u1ec7u"},"content":{"rendered":"<p>C\u00d4NG TY LU\u1eacT TNHH MTV QU\u1ed0C TH\u01af<br \/>\nM\u00e3 s\u1ed1 thu\u1ebf:<br \/>\n3603935383<br \/>\nLo\u1ea1i h\u00ecnh ph\u00e1p l\u00fd:<br \/>\nC\u00f4ng ty lu\u1eadt<br \/>\nNg\u00e0y c\u1ea5p:<br \/>\n12\/10\/2023<br \/>\nT\u00ecnh tr\u1ea1ng:<br \/>\n\u0110ang ho\u1ea1t \u0111\u1ed9ng<br \/>\n\u0110\u1ecba ch\u1ec9 tr\u1ee5 s\u1edf:<br \/>\n16\/43, t\u1ed5 96, khu ph\u1ed1 13, Ph\u01b0\u1eddng Long B\u00ecnh, Th\u00e0nh ph\u1ed1 \u0110\u1ed3ng Nai, Vi\u1ec7t Nam<\/p>\n","protected":false},"excerpt":{"rendered":"<p>C\u00d4NG TY LU\u1eacT TNHH MTV QU\u1ed0C TH\u01af M\u00e3 s\u1ed1 thu\u1ebf: 3603935383 Lo\u1ea1i h\u00ecnh ph\u00e1p l\u00fd: C\u00f4ng ty lu\u1eadt Ng\u00e0y c\u1ea5p: 12\/10\/2023 T\u00ecnh tr\u1ea1ng: \u0110ang ho\u1ea1t \u0111\u1ed9ng \u0110\u1ecba ch\u1ec9 tr\u1ee5 s\u1edf: 16\/43, t\u1ed5 96, khu ph\u1ed1 13, Ph\u01b0\u1eddng Long B\u00ecnh, Th\u00e0nh ph\u1ed1 \u0110\u1ed3ng Nai, Vi\u1ec7t Nam<\/p>\n","protected":false},"author":1,"featured_media":0,"parent":0,"menu_order":0,"comment_status":"closed","ping_status":"closed","template":"\/home\/luatquoc\/public_html\/wp-content\/plugins\/kirki\/includes\/Frontend\/views\/template\/page.php","meta":{"footnotes":""},"class_list":["post-10","page","type-page","status-publish","hentry"],"yoast_head":"<!-- This site is optimized with the Yoast SEO plugin v27.5 - https:\/\/yoast.com\/product\/yoast-seo-wordpress\/ -->\n<title>Gi\u1edbi thi\u1ec7u - Lu\u1eadt Qu\u1ed1c Th\u01b0<\/title>\n<meta name=\"robots\" content=\"index, follow, max-snippet:-1, max-image-preview:large, max-video-preview:-1\" \/>\n<link rel=\"canonical\" href=\"https:\/\/luatquocthu.com\/index.php\/gioi-thieu\/\" \/>\n<meta property=\"og:locale\" content=\"vi_VN\" \/>\n<meta property=\"og:type\" content=\"article\" \/>\n<meta property=\"og:title\" content=\"Gi\u1edbi thi\u1ec7u - Lu\u1eadt Qu\u1ed1c Th\u01b0\" \/>\n<meta property=\"og:description\" content=\"C\u00d4NG TY LU\u1eacT TNHH MTV QU\u1ed0C TH\u01af M\u00e3 s\u1ed1 thu\u1ebf: 3603935383 Lo\u1ea1i h\u00ecnh ph\u00e1p l\u00fd: C\u00f4ng ty lu\u1eadt Ng\u00e0y c\u1ea5p: 12\/10\/2023 T\u00ecnh tr\u1ea1ng: \u0110ang ho\u1ea1t \u0111\u1ed9ng \u0110\u1ecba ch\u1ec9 tr\u1ee5 s\u1edf: 16\/43, t\u1ed5 96, khu ph\u1ed1 13, Ph\u01b0\u1eddng Long B\u00ecnh, Th\u00e0nh ph\u1ed1 \u0110\u1ed3ng Nai, Vi\u1ec7t Nam\" \/>\n<meta property=\"og:url\" content=\"https:\/\/luatquocthu.com\/index.php\/gioi-thieu\/\" \/>\n<meta property=\"og:site_name\" content=\"Lu\u1eadt Qu\u1ed1c Th\u01b0\" \/>\n<meta property=\"article:modified_time\" content=\"2026-05-10T17:08:06+00:00\" \/>\n<meta name=\"twitter:card\" content=\"summary_large_image\" \/>\n<script type=\"application\/ld+json\" class=\"yoast-schema-graph\">{\"@context\":\"https:\\\/\\\/schema.org\",\"@graph\":[{\"@type\":\"WebPage\",\"@id\":\"https:\\\/\\\/luatquocthu.com\\\/index.php\\\/gioi-thieu\\\/\",\"url\":\"https:\\\/\\\/luatquocthu.com\\\/index.php\\\/gioi-thieu\\\/\",\"name\":\"Gi\u1edbi thi\u1ec7u - Lu\u1eadt Qu\u1ed1c Th\u01b0\",\"isPartOf\":{\"@id\":\"https:\\\/\\\/luatquocthu.com\\\/#website\"},\"datePublished\":\"2026-05-10T16:25:55+00:00\",\"dateModified\":\"2026-05-10T17:08:06+00:00\",\"breadcrumb\":{\"@id\":\"https:\\\/\\\/luatquocthu.com\\\/index.php\\\/gioi-thieu\\\/#breadcrumb\"},\"inLanguage\":\"vi\",\"potentialAction\":[{\"@type\":\"ReadAction\",\"target\":[\"https:\\\/\\\/luatquocthu.com\\\/index.php\\\/gioi-thieu\\\/\"]}]},{\"@type\":\"BreadcrumbList\",\"@id\":\"https:\\\/\\\/luatquocthu.com\\\/index.php\\\/gioi-thieu\\\/#breadcrumb\",\"itemListElement\":[{\"@type\":\"ListItem\",\"position\":1,\"name\":\"Trang ch\u1ee7\",\"item\":\"https:\\\/\\\/luatquocthu.com\\\/\"},{\"@type\":\"ListItem\",\"position\":2,\"name\":\"Gi\u1edbi thi\u1ec7u\"}]},{\"@type\":\"WebSite\",\"@id\":\"https:\\\/\\\/luatquocthu.com\\\/#website\",\"url\":\"https:\\\/\\\/luatquocthu.com\\\/\",\"name\":\"Lu\u1eadt Qu\u1ed1c Th\u01b0\",\"description\":\"\",\"publisher\":{\"@id\":\"https:\\\/\\\/luatquocthu.com\\\/#organization\"},\"potentialAction\":[{\"@type\":\"SearchAction\",\"target\":{\"@type\":\"EntryPoint\",\"urlTemplate\":\"https:\\\/\\\/luatquocthu.com\\\/?s={search_term_string}\"},\"query-input\":{\"@type\":\"PropertyValueSpecification\",\"valueRequired\":true,\"valueName\":\"search_term_string\"}}],\"inLanguage\":\"vi\"},{\"@type\":\"Organization\",\"@id\":\"https:\\\/\\\/luatquocthu.com\\\/#organization\",\"name\":\"Lu\u1eadt Qu\u1ed1c Th\u01b0\",\"url\":\"https:\\\/\\\/luatquocthu.com\\\/\",\"logo\":{\"@type\":\"ImageObject\",\"inLanguage\":\"vi\",\"@id\":\"https:\\\/\\\/luatquocthu.com\\\/#\\\/schema\\\/logo\\\/image\\\/\",\"url\":\"https:\\\/\\\/luatquocthu.com\\\/wp-content\\\/uploads\\\/2026\\\/05\\\/logo.png\",\"contentUrl\":\"https:\\\/\\\/luatquocthu.com\\\/wp-content\\\/uploads\\\/2026\\\/05\\\/logo.png\",\"caption\":\"Lu\u1eadt Qu\u1ed1c Th\u01b0\"},\"image\":{\"@id\":\"https:\\\/\\\/luatquocthu.com\\\/#\\\/schema\\\/logo\\\/image\\\/\"}}]}<\/script>\n<!-- \/ Yoast SEO plugin. -->","yoast_head_json":{"title":"Gi\u1edbi thi\u1ec7u - Lu\u1eadt Qu\u1ed1c Th\u01b0","robots":{"index":"index","follow":"follow","max-snippet":"max-snippet:-1","max-image-preview":"max-image-preview:large","max-video-preview":"max-video-preview:-1"},"canonical":"https:\/\/luatquocthu.com\/index.php\/gioi-thieu\/","og_locale":"vi_VN","og_type":"article","og_title":"Gi\u1edbi thi\u1ec7u - Lu\u1eadt Qu\u1ed1c Th\u01b0","og_description":"C\u00d4NG TY LU\u1eacT TNHH MTV QU\u1ed0C TH\u01af M\u00e3 s\u1ed1 thu\u1ebf: 3603935383 Lo\u1ea1i h\u00ecnh ph\u00e1p l\u00fd: C\u00f4ng ty lu\u1eadt Ng\u00e0y c\u1ea5p: 12\/10\/2023 T\u00ecnh tr\u1ea1ng: \u0110ang ho\u1ea1t \u0111\u1ed9ng \u0110\u1ecba ch\u1ec9 tr\u1ee5 s\u1edf: 16\/43, t\u1ed5 96, khu ph\u1ed1 13, Ph\u01b0\u1eddng Long B\u00ecnh, Th\u00e0nh ph\u1ed1 \u0110\u1ed3ng Nai, Vi\u1ec7t Nam","og_url":"https:\/\/luatquocthu.com\/index.php\/gioi-thieu\/","og_site_name":"Lu\u1eadt Qu\u1ed1c Th\u01b0","article_modified_time":"2026-05-10T17:08:06+00:00","twitter_card":"summary_large_image","schema":{"@context":"https:\/\/schema.org","@graph":[{"@type":"WebPage","@id":"https:\/\/luatquocthu.com\/index.php\/gioi-thieu\/","url":"https:\/\/luatquocthu.com\/index.php\/gioi-thieu\/","name":"Gi\u1edbi thi\u1ec7u - Lu\u1eadt Qu\u1ed1c Th\u01b0","isPartOf":{"@id":"https:\/\/luatquocthu.com\/#website"},"datePublished":"2026-05-10T16:25:55+00:00","dateModified":"2026-05-10T17:08:06+00:00","breadcrumb":{"@id":"https:\/\/luatquocthu.com\/index.php\/gioi-thieu\/#breadcrumb"},"inLanguage":"vi","potentialAction":[{"@type":"ReadAction","target":["https:\/\/luatquocthu.com\/index.php\/gioi-thieu\/"]}]},{"@type":"BreadcrumbList","@id":"https:\/\/luatquocthu.com\/index.php\/gioi-thieu\/#breadcrumb","itemListElement":[{"@type":"ListItem","position":1,"name":"Trang ch\u1ee7","item":"https:\/\/luatquocthu.com\/"},{"@type":"ListItem","position":2,"name":"Gi\u1edbi thi\u1ec7u"}]},{"@type":"WebSite","@id":"https:\/\/luatquocthu.com\/#website","url":"https:\/\/luatquocthu.com\/","name":"Lu\u1eadt Qu\u1ed1c Th\u01b0","description":"","publisher":{"@id":"https:\/\/luatquocthu.com\/#organization"},"potentialAction":[{"@type":"SearchAction","target":{"@type":"EntryPoint","urlTemplate":"https:\/\/luatquocthu.com\/?s={search_term_string}"},"query-input":{"@type":"PropertyValueSpecification","valueRequired":true,"valueName":"search_term_string"}}],"inLanguage":"vi"},{"@type":"Organization","@id":"https:\/\/luatquocthu.com\/#organization","name":"Lu\u1eadt Qu\u1ed1c Th\u01b0","url":"https:\/\/luatquocthu.com\/","logo":{"@type":"ImageObject","inLanguage":"vi","@id":"https:\/\/luatquocthu.com\/#\/schema\/logo\/image\/","url":"https:\/\/luatquocthu.com\/wp-content\/uploads\/2026\/05\/logo.png","contentUrl":"https:\/\/luatquocthu.com\/wp-content\/uploads\/2026\/05\/logo.png","caption":"Lu\u1eadt Qu\u1ed1c Th\u01b0"},"image":{"@id":"https:\/\/luatquocthu.com\/#\/schema\/logo\/image\/"}}]}},"_links":{"self":[{"href":"https:\/\/luatquocthu.com\/index.php\/wp-json\/wp\/v2\/pages\/10","targetHints":{"allow":["GET"]}}],"collection":[{"href":"https:\/\/luatquocthu.com\/index.php\/wp-json\/wp\/v2\/pages"}],"about":[{"href":"https:\/\/luatquocthu.com\/index.php\/wp-json\/wp\/v2\/types\/page"}],"author":[{"embeddable":true,"href":"https:\/\/luatquocthu.com\/index.php\/wp-json\/wp\/v2\/users\/1"}],"replies":[{"embeddable":true,"href":"https:\/\/luatquocthu.com\/index.php\/wp-json\/wp\/v2\/comments?post=10"}],"version-history":[{"count":2,"href":"https:\/\/luatquocthu.com\/index.php\/wp-json\/wp\/v2\/pages\/10\/revisions"}],"predecessor-version":[{"id":39,"href":"https:\/\/luatquocthu.com\/index.php\/wp-json\/wp\/v2\/pages\/10\/revisions\/39"}],"wp:attachment":[{"href":"https:\/\/luatquocthu.com\/index.php\/wp-json\/wp\/v2\/media?parent=10"}],"curies":[{"name":"wp","href":"https:\/\/api.w.org\/{rel}","templated":true}]}}